{"id":3460,"date":"2023-07-13T11:26:02","date_gmt":"2023-07-13T09:26:02","guid":{"rendered":"https:\/\/atenealiving.com\/politique-de-confidentialite-et-avis-juridique\/"},"modified":"2023-07-13T11:26:03","modified_gmt":"2023-07-13T09:26:03","slug":"politique-de-confidentialite-et-avis-juridique","status":"publish","type":"page","link":"https:\/\/atenealiving.com\/fr\/politique-de-confidentialite-et-avis-juridique\/","title":{"rendered":"POLITIQUE DE CONFIDENTIALIT\u00c9 ET AVIS JURIDIQUE"},"content":{"rendered":"\n<p><strong>CONDITIONS D&#8217;UTILISATION<\/strong><\/p>\n\n<p>Conform\u00e9ment \u00e0 la loi 34\/2002 du 11 juillet sur les services de la soci\u00e9t\u00e9 de l&#8217;information et du commerce \u00e9lectronique (LSSI-CE), ATENEA AVENTURA SL informe qu&#8217;elle est propri\u00e9taire du site Web https:\/\/www.atenealiving.com. Conform\u00e9ment \u00e0 l&#8217;exigence de l&#8217;article 10 de la loi susmentionn\u00e9e, ATENEA AVENTURA SL communique les donn\u00e9es suivantes\u00a0:  <\/p>\n\n<p>Le propri\u00e9taire de ce site Web est ATENEA AVENTURA SL, avec CIF B62650346 et si\u00e8ge social \u00e0 JOAQUIM MOLINS 5 7 6 08028, BARCELONE, inscrite au Registre du Commerce, volume 34049, folio 49, feuille B-239927. L&#8217;adresse e-mail pour contacter l&#8217;entreprise est : info@atenealiving.com.<\/p>\n\n<p>Utilisateur et r\u00e9gime des responsabilit\u00e9s<\/p>\n\n<p>La navigation, l&#8217;acc\u00e8s et l&#8217;utilisation du site Web de ATENEA AVENTURA SL conf\u00e8rent le statut d&#8217;utilisateur, par lequel vous acceptez, en naviguant sur le site Web de ATENEA AVENTURA SL, toutes les conditions d&#8217;utilisation \u00e9tablies ici sans pr\u00e9judice de l&#8217;application des dispositions l\u00e9gales obligatoires correspondantes telles que le cas peut \u00eatre.<\/p>\n\n<p>Le site Web d&#8217;ATENEA AVENTURA SL offre une grande diversit\u00e9 d&#8217;informations, de services et de donn\u00e9es. L&#8217;utilisateur assume la responsabilit\u00e9 de l&#8217;utilisation correcte du site Web. Cette responsabilit\u00e9 s&#8217;\u00e9tendra \u00e0 :<\/p>\n\n<ul class=\"wp-block-list\">\n<li>La v\u00e9racit\u00e9 et la l\u00e9galit\u00e9 des informations fournies par l&#8217;utilisateur dans les formulaires \u00e9tendus par ATENEA AVENTURA SL pour l&#8217;acc\u00e8s \u00e0 certains contenus ou services propos\u00e9s par le site.<\/li>\n\n\n\n<li>L&#8217;utilisation des informations, services et donn\u00e9es offerts par ATENEA AVENTURA SL contrairement aux dispositions des pr\u00e9sentes conditions, \u00e0 la loi, \u00e0 la morale, aux bonnes m\u0153urs ou \u00e0 l&#8217;ordre public, ou qui de toute autre mani\u00e8re peut porter atteinte aux droits de tiers ou \u00e0 la m\u00eame fonctionnement du site Web.<\/li>\n<\/ul>\n\n<p>Politique de liens et clauses de non-responsabilit\u00e9  <\/p>\n\n<p>ATENEA AVENTURA SL n&#8217;est pas responsable du contenu des sites Web auxquels l&#8217;utilisateur peut acc\u00e9der via les liens \u00e9tablis sur son site Web et d\u00e9clare qu&#8217;en aucun cas il ne proc\u00e9dera \u00e0 l&#8217;examen ou \u00e0 l&#8217;exercice de tout type de contr\u00f4le sur le contenu des autres sites Web. De m\u00eame, il ne garantira pas la disponibilit\u00e9 technique, l&#8217;exactitude, la v\u00e9racit\u00e9, la validit\u00e9 ou la l\u00e9galit\u00e9 des sites autres que sa propri\u00e9t\u00e9 accessibles via les liens.<\/p>\n\n<p>ATENEA AVENTURA SL d\u00e9clare avoir adopt\u00e9 toutes les mesures n\u00e9cessaires pour \u00e9viter tout dommage aux utilisateurs de son site Web, qui pourrait r\u00e9sulter de la navigation sur son site Web. Par cons\u00e9quent, ATENEA AVENTURA SL n&#8217;est en aucun cas responsable des dommages que l&#8217;utilisateur pourrait subir en naviguant sur Internet.  <\/p>\n\n<p>Modifications<\/p>\n\n<p>ATENEA AVENTURA SL se r\u00e9serve le droit d&#8217;apporter les modifications qu&#8217;elle juge appropri\u00e9es, sans pr\u00e9avis, au contenu de son site Web. Tant en ce qui concerne le contenu du site Web que dans les conditions d&#8217;utilisation de celui-ci ou dans les conditions g\u00e9n\u00e9rales de passation de march\u00e9s. Ces modifications pourront \u00eatre apport\u00e9es par l&#8217;interm\u00e9diaire de son site Web sous toute forme l\u00e9galement admissible et seront contraignantes pendant la dur\u00e9e de leur publication sur le site Web et jusqu&#8217;\u00e0 ce qu&#8217;elles ne soient pas valablement modifi\u00e9es par d&#8217;autres ult\u00e9rieures.<\/p>\n\n<p>Services de r\u00e9servation en ligne<\/p>\n\n<p>Certains contenus du site ATENEA AVENTURA SL contiennent la possibilit\u00e9 d&#8217;effectuer une r\u00e9servation via Internet. Leur utilisation n\u00e9cessitera la lecture et l&#8217;acceptation obligatoires des conditions g\u00e9n\u00e9rales de r\u00e9servation \u00e9tablies \u00e0 cet effet par ATENEA AVENTURA SL.<\/p>\n\n<p>Certificat SSL (Secure Sockets Layer)<\/p>\n\n<p>Le CERTIFICAT SSL assure l&#8217;authentification, la confidentialit\u00e9 et la s\u00e9curit\u00e9 des informations entre ATENEA AVENTURA SL et l&#8217;utilisateur.<\/p>\n\n<p>Dans ce processus, plusieurs param\u00e8tres sont \u00e9tablis pour \u00e9tablir la connexion en toute s\u00e9curit\u00e9 et elle est \u00e9tablie \u00e0 l&#8217;aide de cl\u00e9s pr\u00e9d\u00e9finies, encodant et d\u00e9codant toutes les donn\u00e9es envoy\u00e9es jusqu&#8217;\u00e0 ce que la connexion soit ferm\u00e9e.<\/p>\n\n<p>Propri\u00e9t\u00e9 intellectuelle et industrielle<\/p>\n\n<p>ATENEA AVENTURA SL, par elle-m\u00eame ou en tant que cessionnaire, d\u00e9tient tous les droits de propri\u00e9t\u00e9 intellectuelle et industrielle de sa page Web, ainsi que les \u00e9l\u00e9ments qui y sont contenus (\u00e0 titre d&#8217;exemple, images, sons, audio, vid\u00e9o, logiciels ou textes ; marques ou logos, combinaisons de couleurs, structure et conception, s\u00e9lection des mat\u00e9riaux utilis\u00e9s, programmes informatiques n\u00e9cessaires au fonctionnement, acc\u00e8s et utilisation, etc.), propri\u00e9t\u00e9 d&#8217;ATENEA AVENTURA SL. Il s&#8217;agira donc d&#8217;\u0153uvres prot\u00e9g\u00e9es en tant que propri\u00e9t\u00e9 intellectuelle par le syst\u00e8me juridique espagnol, \u00e9tant applicable \u00e0 la fois \u00e0 la r\u00e9glementation espagnole et communautaire dans ce domaine, ainsi qu&#8217;aux trait\u00e9s internationaux relatifs \u00e0 la mati\u00e8re et sign\u00e9s par l&#8217;Espagne.<\/p>\n\n<p>Tous les droits sont r\u00e9serv\u00e9s. Conform\u00e9ment aux dispositions de la loi sur la propri\u00e9t\u00e9 intellectuelle, la reproduction, la distribution et la communication publique, y compris la mani\u00e8re dont elle est mise \u00e0 disposition, de tout ou partie du contenu de cette page Web, \u00e0 des fins commerciales, sont express\u00e9ment interdites. par tout moyen technique, sans l&#8217;autorisation d&#8217;ATENEA AVENTURA SL.<\/p>\n\n<p>L&#8217;utilisateur s&#8217;engage \u00e0 respecter les droits de propri\u00e9t\u00e9 intellectuelle et industrielle d\u00e9tenus par ATENEA AVENTURA SL. Vous pourrez \u00e0 tout moment visualiser les \u00e9l\u00e9ments du portail et m\u00eame les imprimer, les copier et les stocker sur le disque dur de votre ordinateur ou sur tout autre support physique, uniquement et exclusivement, pour votre usage personnel et priv\u00e9. L&#8217;utilisateur doit s&#8217;abstenir de supprimer, modifier, contourner ou manipuler tout dispositif de protection ou syst\u00e8me de s\u00e9curit\u00e9 install\u00e9 sur les pages d&#8217;ATENEA AVENTURA SL.  <\/p>\n\n<p>Actions en justice, l\u00e9gislation applicable et juridiction  <\/p>\n\n<p>ATENEA AVENTURA SL se r\u00e9serve \u00e9galement le droit d&#8217;intenter les actions civiles ou p\u00e9nales qu&#8217;elle juge appropri\u00e9es pour une utilisation abusive de son site Web et de son contenu, ou pour violation de ces conditions.<\/p>\n\n<p>La relation entre l&#8217;utilisateur et le fournisseur sera r\u00e9gie par la r\u00e9glementation en vigueur et applicable sur le territoire espagnol. En cas de contestation, les parties peuvent soumettre leurs conflits \u00e0 l&#8217;arbitrage ou saisir la juridiction de droit commun dans le respect des r\u00e8gles de juridiction et de comp\u00e9tence en la mati\u00e8re. ATENEA AVENTURA SL a son si\u00e8ge \u00e0 BARCELONE, Espagne. <\/p>\n\n<p><strong>POLITIQUE DE CONFIDENTIALIT\u00c9 R\u00c9SEAUX SOCIAUX<\/strong><\/p>\n\n<p>Conform\u00e9ment \u00e0 ce qui est \u00e9tabli dans la r\u00e9glementation en vigueur sur la protection des donn\u00e9es personnelles (RGPD) et la loi 34\/2002 du 11 juillet sur les services de la soci\u00e9t\u00e9 de l&#8217;information et du commerce \u00e9lectronique (LSSI-CE), ATENEA AVENTURA SL informe utilisateurs qu&#8217;il a proc\u00e9d\u00e9 \u00e0 la cr\u00e9ation d&#8217;un profil sur le(s) R\u00e9seaux Sociaux Facebook, Twitter, Google +, dans le but principal de faire la publicit\u00e9 de ses produits et services.  <\/p>\n\n<p>Donn\u00e9es ATENEA AVENTURA SL\u00a0:  <\/p>\n\n<p>CIF : B62650346  <\/p>\n\n<p>ADRESSE : JOAQUIM MOLINS 5 7 6 08028, BARCELONE COURRIEL : info@atenealiving.com<\/p>\n\n<p>DOMAINE WEB : https:\/\/www.atenealiving.com<\/p>\n\n<p>L&#8217;utilisateur a un profil sur le m\u00eame r\u00e9seau social et a d\u00e9cid\u00e9 de rejoindre la page cr\u00e9\u00e9e par ATENEA AVENTURA SL, manifestant ainsi son int\u00e9r\u00eat pour les informations publi\u00e9es sur le r\u00e9seau. En rejoignant notre page, vous nous donnez votre consentement pour le traitement des donn\u00e9es personnelles publi\u00e9es dans votre profil.<\/p>\n\n<p>ATENEA AVENTURA SL a acc\u00e8s et traite les informations publiques de l&#8217;utilisateur, en particulier son num\u00e9ro de contact. Ces donn\u00e9es ne sont utilis\u00e9es qu&#8217;au sein du r\u00e9seau social lui-m\u00eame. Ils ne figurent dans aucun fichier.  <\/p>\n\n<p>En ce qui concerne les droits d&#8217;acc\u00e8s, de rectification, de limitation de traitement, de suppression, de portabilit\u00e9 et d&#8217;opposition au traitement, dont vous disposez et qui peuvent \u00eatre exerc\u00e9s devant ATENEA AVENTURA SL, conform\u00e9ment au RGPD, vous devez tenir compte des nuances suivantes :<\/p>\n\n<ul class=\"wp-block-list\">\n<li>Acc\u00e8s : Il sera d\u00e9fini par la fonctionnalit\u00e9 du R\u00e9seau Social et la possibilit\u00e9 d&#8217;acc\u00e9der aux informations sur les profils des utilisateurs.<\/li>\n\n\n\n<li>Rectification: Il ne peut \u00eatre satisfait qu&#8217;en ce qui concerne les informations sous le contr\u00f4le d&#8217;ATENEA AVENTURA SL, par exemple, supprimer les commentaires publi\u00e9s sur la page elle-m\u00eame. Normalement, ce droit doit \u00eatre exerc\u00e9 aupr\u00e8s du R\u00e9seau Social.  <\/li>\n\n\n\n<li>Annulation et\/ou opposition : Comme dans le cas pr\u00e9c\u00e9dent, il ne peut \u00eatre satisfait qu&#8217;en ce qui concerne les informations sous le contr\u00f4le d&#8217;ATENEA AVENTURA SL, par exemple, pour cesser d&#8217;\u00eatre li\u00e9 au profil.  <\/li>\n<\/ul>\n\n<p>ATENEA AVENTURA SL effectuera les actions suivantes\u00a0:  <\/p>\n\n<ul class=\"wp-block-list\">\n<li>Acc\u00e8s aux informations de profil public.<\/li>\n\n\n\n<li>Publication dans le profil de l&#8217;utilisateur de toutes les informations d\u00e9j\u00e0 publi\u00e9es sur la page ATENEA AVENTURA SL.<\/li>\n\n\n\n<li>Envoyez des messages personnels et individuels via les canaux du r\u00e9seau social.<\/li>\n\n\n\n<li>Mises \u00e0 jour du statut de la page qui seront publi\u00e9es dans le profil de l&#8217;utilisateur.<\/li>\n<\/ul>\n\n<p>L&#8217;utilisateur peut toujours contr\u00f4ler ses connexions, supprimer le contenu qui ne l&#8217;int\u00e9resse plus et restreindre avec qui il partage ses connexions, pour cela il doit acc\u00e9der \u00e0 ses param\u00e8tres de confidentialit\u00e9.  <\/p>\n\n<p>Ouvrages<\/p>\n\n<p>L&#8217;utilisateur, une fois connect\u00e9 \u00e0 la page d&#8217;ATENEA AVENTURA SL, pourra publier des commentaires, des liens, des images ou des photographies ou tout autre type de contenu multim\u00e9dia pris en charge par le r\u00e9seau social. L&#8217;utilisateur, dans tous les cas, doit en \u00eatre le propri\u00e9taire, jouir des droits d&#8217;auteur et de propri\u00e9t\u00e9 intellectuelle ou avoir le consentement des tiers concern\u00e9s. Toute publication sur la page est express\u00e9ment interdite, qu&#8217;il s&#8217;agisse de textes, graphiques, photographies, vid\u00e9os, etc. qui portent atteinte ou sont susceptibles de porter atteinte aux bonnes m\u0153urs, \u00e0 l&#8217;\u00e9thique, au bon go\u00fbt ou \u00e0 la biens\u00e9ance, et\/ou qui portent atteinte, violent ou enfreignent les droits de propri\u00e9t\u00e9 intellectuelle ou industrielle, le droit \u00e0 l&#8217;image ou la Loi. Dans ces cas, ATENEA AVENTURA SL se r\u00e9serve le droit de retirer imm\u00e9diatement le contenu et peut demander le blocage permanent de l&#8217;utilisateur.  <\/p>\n\n<p>ATENEA AVENTURA SL ne sera pas responsable du contenu qu&#8217;un utilisateur a librement publi\u00e9.<\/p>\n\n<p>L&#8217;utilisateur doit garder \u00e0 l&#8217;esprit que ses publications seront connues d&#8217;autres utilisateurs, il est donc lui-m\u00eame principalement responsable de sa vie priv\u00e9e.<\/p>\n\n<p>Les images qui peuvent \u00eatre publi\u00e9es sur la page ne seront stock\u00e9es dans aucun fichier par ATENEA AVENTURA SL, mais elles resteront sur le r\u00e9seau social.<\/p>\n\n<p>Concours et promotions<\/p>\n\n<p>ATENEA AVENTURA SL se r\u00e9serve le droit d&#8217;organiser des concours et des promotions, auxquels l&#8217;utilisateur li\u00e9 \u00e0 sa page peut participer. Les bases de chacun d&#8217;eux, lorsque la plateforme du R\u00e9seau Social est utilis\u00e9e \u00e0 cet effet, seront publi\u00e9es sur celle-ci. Toujours conforme \u00e0 la LSSI-CE et \u00e0 toute autre r\u00e9glementation applicable.  <\/p>\n\n<p>Red Social ne parraine, n&#8217;approuve ni n&#8217;administre, de quelque mani\u00e8re que ce soit, aucune de nos promotions, et n&#8217;est associ\u00e9e \u00e0 aucune d&#8217;entre elles.<\/p>\n\n<p>Publicit\u00e9<\/p>\n\n<p>ATENEA AVENTURA SL utilisera le R\u00e9seau Social pour faire la publicit\u00e9 de ses produits et services, en tout \u00e9tat de cause, si elle d\u00e9cide de traiter vos donn\u00e9es de contact pour mener des actions de prospection commerciale directe, ce sera toujours en conformit\u00e9 avec les exigences l\u00e9gales du RGPD et du LSSI-CE .  <\/p>\n\n<p>Le fait de recommander la page ATENEA AVENTURA SL \u00e0 d&#8217;autres utilisateurs afin qu&#8217;eux aussi puissent profiter des promotions ou \u00eatre inform\u00e9s de son activit\u00e9 ne sera pas consid\u00e9r\u00e9 comme de la publicit\u00e9.<\/p>\n\n<p>Ci-dessous nous d\u00e9taillons le lien vers la politique de confidentialit\u00e9 du R\u00e9seau Social :  <\/p>\n\n<ul class=\"wp-block-list\">\n<li>Facebook : https:\/\/www.facebook.com\/help\/323540651073243\/<\/li>\n\n\n\n<li>Twitter\u00a0: https:\/\/twitter.com\/privacy  <\/li>\n\n\n\n<li>Google + : http:\/\/www.google.com\/intl\/es\/policies\/privacy\/  <\/li>\n<\/ul>\n","protected":false},"excerpt":{"rendered":"<p>CONDITIONS D&#8217;UTILISATION Conform\u00e9ment \u00e0 la loi 34\/2002 du 11 juillet sur les services de la soci\u00e9t\u00e9 de l&#8217;information et du commerce \u00e9lectronique (LSSI-CE), ATENEA AVENTURA SL informe qu&#8217;elle est propri\u00e9taire du site Web https:\/\/www.atenealiving.com. Conform\u00e9ment \u00e0 l&#8217;exigence de l&#8217;article 10 de la loi susmentionn\u00e9e, ATENEA AVENTURA SL communique les donn\u00e9es suivantes\u00a0: Le propri\u00e9taire de ce [&hellip;]<\/p>\n","protected":false},"author":12,"featured_media":0,"parent":0,"menu_order":0,"comment_status":"closed","ping_status":"closed","template":"","meta":{"footnotes":""},"class_list":["post-3460","page","type-page","status-publish","hentry"],"blocksy_meta":[],"_links":{"self":[{"href":"https:\/\/atenealiving.com\/fr\/wp-json\/wp\/v2\/pages\/3460","targetHints":{"allow":["GET"]}}],"collection":[{"href":"https:\/\/atenealiving.com\/fr\/wp-json\/wp\/v2\/pages"}],"about":[{"href":"https:\/\/atenealiving.com\/fr\/wp-json\/wp\/v2\/types\/page"}],"author":[{"embeddable":true,"href":"https:\/\/atenealiving.com\/fr\/wp-json\/wp\/v2\/users\/12"}],"replies":[{"embeddable":true,"href":"https:\/\/atenealiving.com\/fr\/wp-json\/wp\/v2\/comments?post=3460"}],"version-history":[{"count":1,"href":"https:\/\/atenealiving.com\/fr\/wp-json\/wp\/v2\/pages\/3460\/revisions"}],"predecessor-version":[{"id":3461,"href":"https:\/\/atenealiving.com\/fr\/wp-json\/wp\/v2\/pages\/3460\/revisions\/3461"}],"wp:attachment":[{"href":"https:\/\/atenealiving.com\/fr\/wp-json\/wp\/v2\/media?parent=3460"}],"curies":[{"name":"wp","href":"https:\/\/api.w.org\/{rel}","templated":true}]}}