{"id":3451,"date":"2023-07-13T11:22:57","date_gmt":"2023-07-13T09:22:57","guid":{"rendered":"https:\/\/atenealiving.com\/les-taux\/"},"modified":"2026-03-18T12:23:51","modified_gmt":"2026-03-18T11:23:51","slug":"les-taux","status":"publish","type":"page","link":"https:\/\/atenealiving.com\/fr\/les-taux\/","title":{"rendered":"Les taux"},"content":{"rendered":"\t\t<div data-elementor-type=\"wp-page\" data-elementor-id=\"3451\" class=\"elementor elementor-3451\" data-elementor-post-type=\"page\">\n\t\t\t\t\t\t<section class=\"elementor-section elementor-top-section elementor-element elementor-element-12a8c74 elementor-section-height-min-height elementor-section-boxed elementor-section-height-default elementor-section-items-middle\" data-id=\"12a8c74\" data-element_type=\"section\" data-e-type=\"section\" data-settings=\"{&quot;background_background&quot;:&quot;classic&quot;}\">\n\t\t\t\t\t\t\t<div class=\"elementor-background-overlay\"><\/div>\n\t\t\t\t\t\t\t<div class=\"elementor-container elementor-column-gap-default\">\n\t\t\t\t\t<div class=\"elementor-column elementor-col-100 elementor-top-column elementor-element elementor-element-b98536d\" data-id=\"b98536d\" data-element_type=\"column\" data-e-type=\"column\">\n\t\t\t<div class=\"elementor-widget-wrap elementor-element-populated\">\n\t\t\t\t\t\t<div class=\"elementor-element elementor-element-889dde4 elementor-widget elementor-widget-heading\" data-id=\"889dde4\" data-element_type=\"widget\" data-e-type=\"widget\" data-widget_type=\"heading.default\">\n\t\t\t\t<div class=\"elementor-widget-container\">\n\t\t\t\t\t<h1 class=\"elementor-heading-title elementor-size-default\">Tarifs<\/h1>\t\t\t\t<\/div>\n\t\t\t\t<\/div>\n\t\t\t\t\t<\/div>\n\t\t<\/div>\n\t\t\t\t\t<\/div>\n\t\t<\/section>\n\t\t\t\t<section class=\"elementor-section elementor-top-section elementor-element elementor-element-c7d066c elementor-section-content-middle elementor-reverse-mobile elementor-section-boxed elementor-section-height-default elementor-section-height-default\" data-id=\"c7d066c\" data-element_type=\"section\" data-e-type=\"section\">\n\t\t\t\t\t\t<div class=\"elementor-container elementor-column-gap-default\">\n\t\t\t\t\t<div class=\"elementor-column elementor-col-50 elementor-top-column elementor-element elementor-element-ac42ee8\" data-id=\"ac42ee8\" data-element_type=\"column\" data-e-type=\"column\">\n\t\t\t<div class=\"elementor-widget-wrap elementor-element-populated\">\n\t\t\t\t\t\t<div class=\"elementor-element elementor-element-77863b5 elementor-widget elementor-widget-text-editor\" data-id=\"77863b5\" data-element_type=\"widget\" data-e-type=\"widget\" data-widget_type=\"text-editor.default\">\n\t\t\t\t<div class=\"elementor-widget-container\">\n\t\t\t\t\t\t\t\t\t<p>Cliquez et t\u00e9l\u00e9chargez nos tarifs d&#8217;h\u00e9bergement et de pensions pour la l&#8217;ann\u00e9e scolaire 2026-2027.<\/p><p>Vous trouverez toutes les informations tr\u00e8s simplement.<\/p>\t\t\t\t\t\t\t\t<\/div>\n\t\t\t\t<\/div>\n\t\t\t\t<div class=\"elementor-element elementor-element-520eed2 elementor-align-left elementor-mobile-align-center elementor-widget elementor-widget-button\" data-id=\"520eed2\" data-element_type=\"widget\" data-e-type=\"widget\" data-widget_type=\"button.default\">\n\t\t\t\t<div class=\"elementor-widget-container\">\n\t\t\t\t\t\t\t\t\t<div class=\"elementor-button-wrapper\">\n\t\t\t\t\t<a class=\"elementor-button elementor-button-link elementor-size-sm\" href=\"https:\/\/atenealiving.com\/wp-content\/uploads\/AteneaLiving-tarifas2026-27-FR.pdf\" target=\"_blank\">\n\t\t\t\t\t\t<span class=\"elementor-button-content-wrapper\">\n\t\t\t\t\t\t\t\t\t<span class=\"elementor-button-text\">T\u00c9L\u00c9CHARGER 2026-2027<\/span>\n\t\t\t\t\t<\/span>\n\t\t\t\t\t<\/a>\n\t\t\t\t<\/div>\n\t\t\t\t\t\t\t\t<\/div>\n\t\t\t\t<\/div>\n\t\t\t\t\t<\/div>\n\t\t<\/div>\n\t\t\t\t<div class=\"elementor-column elementor-col-50 elementor-top-column elementor-element elementor-element-7cacdea\" data-id=\"7cacdea\" data-element_type=\"column\" data-e-type=\"column\">\n\t\t\t<div class=\"elementor-widget-wrap elementor-element-populated\">\n\t\t\t\t\t\t<div class=\"elementor-element elementor-element-8279796 elementor-widget elementor-widget-image\" data-id=\"8279796\" data-element_type=\"widget\" data-e-type=\"widget\" data-widget_type=\"image.default\">\n\t\t\t\t<div class=\"elementor-widget-container\">\n\t\t\t\t\t\t\t\t\t\t\t\t\t\t\t<img fetchpriority=\"high\" decoding=\"async\" width=\"1024\" height=\"638\" src=\"https:\/\/atenealiving.com\/wp-content\/uploads\/tarifa-precios-1-Mediana-1024x638.jpg\" class=\"attachment-large size-large wp-image-4899\" alt=\"\" srcset=\"https:\/\/atenealiving.com\/wp-content\/uploads\/tarifa-precios-1-Mediana-1024x638.jpg 1024w, https:\/\/atenealiving.com\/wp-content\/uploads\/tarifa-precios-1-Mediana-300x187.jpg 300w, https:\/\/atenealiving.com\/wp-content\/uploads\/tarifa-precios-1-Mediana-768x479.jpg 768w, https:\/\/atenealiving.com\/wp-content\/uploads\/tarifa-precios-1-Mediana.jpg 1232w\" sizes=\"(max-width: 1024px) 100vw, 1024px\" \/>\t\t\t\t\t\t\t\t\t\t\t\t\t\t\t<\/div>\n\t\t\t\t<\/div>\n\t\t\t\t\t<\/div>\n\t\t<\/div>\n\t\t\t\t\t<\/div>\n\t\t<\/section>\n\t\t\t\t<\/div>\n\t\t","protected":false},"excerpt":{"rendered":"<p>Tarifs Cliquez et t\u00e9l\u00e9chargez nos tarifs d&#8217;h\u00e9bergement et de pensions pour la l&#8217;ann\u00e9e scolaire 2026-2027. Vous trouverez toutes les informations tr\u00e8s simplement. T\u00c9L\u00c9CHARGER 2026-2027<\/p>\n","protected":false},"author":12,"featured_media":0,"parent":0,"menu_order":0,"comment_status":"closed","ping_status":"closed","template":"elementor_header_footer","meta":{"footnotes":""},"class_list":["post-3451","page","type-page","status-publish","hentry"],"blocksy_meta":[],"_links":{"self":[{"href":"https:\/\/atenealiving.com\/fr\/wp-json\/wp\/v2\/pages\/3451","targetHints":{"allow":["GET"]}}],"collection":[{"href":"https:\/\/atenealiving.com\/fr\/wp-json\/wp\/v2\/pages"}],"about":[{"href":"https:\/\/atenealiving.com\/fr\/wp-json\/wp\/v2\/types\/page"}],"author":[{"embeddable":true,"href":"https:\/\/atenealiving.com\/fr\/wp-json\/wp\/v2\/users\/12"}],"replies":[{"embeddable":true,"href":"https:\/\/atenealiving.com\/fr\/wp-json\/wp\/v2\/comments?post=3451"}],"version-history":[{"count":46,"href":"https:\/\/atenealiving.com\/fr\/wp-json\/wp\/v2\/pages\/3451\/revisions"}],"predecessor-version":[{"id":8101,"href":"https:\/\/atenealiving.com\/fr\/wp-json\/wp\/v2\/pages\/3451\/revisions\/8101"}],"wp:attachment":[{"href":"https:\/\/atenealiving.com\/fr\/wp-json\/wp\/v2\/media?parent=3451"}],"curies":[{"name":"wp","href":"https:\/\/api.w.org\/{rel}","templated":true}]}}