{"id":3394,"date":"2023-07-13T10:56:31","date_gmt":"2023-07-13T08:56:31","guid":{"rendered":"https:\/\/atenealiving.com\/conditions-generales-de-reservation\/"},"modified":"2023-07-13T10:56:31","modified_gmt":"2023-07-13T08:56:31","slug":"conditions-generales-de-reservation","status":"publish","type":"page","link":"https:\/\/atenealiving.com\/fr\/conditions-generales-de-reservation\/","title":{"rendered":"CONDITIONS G\u00c9N\u00c9RALES DE R\u00c9SERVATION"},"content":{"rendered":"\n<p>Les pr\u00e9sentes Conditions G\u00e9n\u00e9rales de R\u00e9servation (ci-apr\u00e8s Conditions G\u00e9n\u00e9rales) r\u00e9giront la relation commerciale qui na\u00eet entre ATENEA AVENTURA SL et l&#8217;utilisateur ou le client pour le contrat conclu par le biais des formulaires mis \u00e0 disposition par ATENEA AVENTURA SL sur https:\/\/www.atenealiving.com.  <\/p>\n\n<p>La r\u00e9servation via les sites Web d&#8217;ATENEA AVENTURA SL impliquera l&#8217;acceptation expresse, par le client ou l&#8217;utilisateur des pages, de ces conditions, ainsi que des conditions d&#8217;utilisation \u00e9tablies pour la navigation de l&#8217;utilisateur sur les pages appartenant \u00e0 ATENEA AVENTURA SL.  <\/p>\n\n<p>Ces conditions s&#8217;appliqueront sans pr\u00e9judice de l&#8217;application des r\u00e8gles l\u00e9gales en la mati\u00e8re applicables \u00e0 chaque cas.  <\/p>\n\n<p>Les conditions g\u00e9n\u00e9rales du contrat r\u00e9gissent la relation de vente \u00e0 distance entre ATENEA AVENTURA SL et l&#8217;utilisateur ou le client, conform\u00e9ment aux dispositions l\u00e9gales, en particulier la loi 7\/1998 du 13 avril sur les conditions g\u00e9n\u00e9rales du contrat, la loi 3\/2014 , du 27 mars, qui modifie le texte consolid\u00e9 de la loi g\u00e9n\u00e9rale pour la d\u00e9fense des consommateurs et des utilisateurs, la r\u00e9glementation actuelle et applicable sur la protection des donn\u00e9es personnelles, la loi 7\/1996 , du 15 janvier sur la r\u00e9glementation du commerce de d\u00e9tail et la loi 34 \/2002 du 11 juillet sur les services de la soci\u00e9t\u00e9 de l&#8217;information et du commerce \u00e9lectronique.<\/p>\n\n<p>ATENEA AVENTURA SL se r\u00e9serve le droit d&#8217;apporter les modifications qu&#8217;elle juge appropri\u00e9es, sans pr\u00e9avis, dans les Conditions G\u00e9n\u00e9rales. Ces modifications pourront \u00eatre apport\u00e9es, par l&#8217;interm\u00e9diaire de leurs sites Web, sous toute forme l\u00e9galement admissible et seront obligatoires pendant la dur\u00e9e de leur publication sur le site Web et jusqu&#8217;\u00e0 ce qu&#8217;elles ne soient pas valablement modifi\u00e9es par d&#8217;autres ult\u00e9rieures. Cependant, ATENEA AVENTURA SL se r\u00e9serve le droit d&#8217;appliquer, dans certains cas, des Conditions Particuli\u00e8res de Contrat de pr\u00e9f\u00e9rence aux pr\u00e9sentes Conditions G\u00e9n\u00e9rales lorsqu&#8217;elle le juge appropri\u00e9, en les annon\u00e7ant en temps opportun.<\/p>\n\n<p>Informations avant r\u00e9servation  <\/p>\n\n<p>ATENEA AVENTURA SL informe que la proc\u00e9dure de r\u00e9servation via ses pages Web est d\u00e9taill\u00e9e dans la section correspondante pour la formalisation de la r\u00e9servation.<\/p>\n\n<p>De m\u00eame, ATENEA AVENTURA SL informe que l&#8217;utilisateur peut avoir acc\u00e8s aux conditions d&#8217;utilisation disponibles sur le m\u00eame site.  <\/p>\n\n<p>En r\u00e9servant avec ATENEA AVENTURA SL via son site Web, l&#8217;utilisateur ou le client d\u00e9clare express\u00e9ment conna\u00eetre, comprendre et accepter lesdites conditions d&#8217;utilisation et les Conditions G\u00e9n\u00e9rales. De la m\u00eame mani\u00e8re, l&#8217;utilisateur d\u00e9clare \u00eatre majeur et avoir la capacit\u00e9 juridique et juridique n\u00e9cessaire pour acc\u00e9der aux sites Web d&#8217;ATENEA AVENTURA SL et pour contracter \u00e0 travers eux. L&#8217;utilisateur est responsable du traitement confidentiel et responsable de l&#8217;identit\u00e9 et du mot de passe obtenus lors de l&#8217;inscription en tant que client, sans pouvoir les transf\u00e9rer \u00e0 un autre.<\/p>\n\n<p>Une fois la r\u00e9servation effectu\u00e9e, l&#8217;utilisateur verra la confirmation de sa r\u00e9servation \u00e0 l&#8217;\u00e9cran, pouvant l&#8217;imprimer comme preuve de la r\u00e9servation effectu\u00e9e.  <\/p>\n\n<p>La confirmation de r\u00e9servation et le bon de r\u00e9servation (impression faite par l&#8217;utilisateur) ne feront pas office de facture.  <\/p>\n\n<p><strong>FONCTIONNEMENT DE LA RESERVATION  <\/strong><\/p>\n\n<p>Offre de r\u00e9servation et r\u00e9f\u00e9rence tarifaire.  <\/p>\n\n<p>Conform\u00e9ment \u00e0 la r\u00e9glementation en vigueur et, en particulier, \u00e0 la loi 34\/2002 sur les services de la soci\u00e9t\u00e9 de l&#8217;information et le commerce \u00e9lectronique, ATENEA AVENTURA SL propose dans la section correspondante pour la formalisation de la r\u00e9servation des informations sur toutes les r\u00e9servations possibles, ses caract\u00e9ristiques et ses prix. Cependant, ATENEA AVENTURA SL se r\u00e9serve le droit de retirer, de remplacer ou de modifier les offres propos\u00e9es \u00e0 ses clients via son site Web, en modifiant simplement le contenu de celles-ci. Ainsi, les produits et\/ou services propos\u00e9s \u00e0 tout moment par le site Web ATENEA AVENTURA SL seront r\u00e9gis par les Conditions G\u00e9n\u00e9rales en vigueur dans chaque cas. De m\u00eame, la soci\u00e9t\u00e9 aura le droit de cesser d&#8217;offrir, sans pr\u00e9avis et \u00e0 tout moment, l&#8217;acc\u00e8s aux produits et\/ou services mentionn\u00e9s.<\/p>\n\n<p>Indication des prix.  <\/p>\n\n<p>Chaque r\u00e9servation \u00e9ventuelle propos\u00e9e aura son prix indiqu\u00e9 et s&#8217;il comprend la TVA ou toute autre taxe qui, dans son cas, est applicable. Les prix indiqu\u00e9s \u00e0 l&#8217;\u00e9cran seront ceux en vigueur \u00e0 tout moment sauf erreur typographique. Lorsque le prix est diff\u00e9rent pour la raison indiqu\u00e9e ci-dessus, ATENEA AVENTURA SL le communiquera au client, par e-mail, avant de proc\u00e9der au paiement de la r\u00e9servation.<\/p>\n\n<p>disponibilit\u00e9  <\/p>\n\n<p>La disponibilit\u00e9 des offres propos\u00e9es par ATENEA AVENTURA SL via son site Web peut varier en fonction de la demande du client. Bien qu&#8217;ATENEA AVENTURA SL mette p\u00e9riodiquement \u00e0 jour la base de donn\u00e9es, la r\u00e9servation demand\u00e9e par le client peut \u00eatre compl\u00e8te \u00e0 ce moment-l\u00e0. Dans un tel cas, ATENEA AVENTURA SL enverra un e-mail au client l&#8217;informant de l&#8217;impossibilit\u00e9 de la disponibilit\u00e9 de l&#8217;offre.<\/p>\n\n<p>Formes de paiement  <\/p>\n\n<p>ATENEA AVENTURA SL demande, via le moteur de r\u00e9servation sur son site Web, les d\u00e9tails d&#8217;une carte de cr\u00e9dit ou d&#8217;un compte bancaire, titulaire de la r\u00e9servation, pour garantir son efficacit\u00e9. ATENEA AVENTURA SL ne stocke en aucun cas les donn\u00e9es de carte de cr\u00e9dit.  <\/p>\n\n<p>Annulation de la r\u00e9servation.  <\/p>\n\n<p>ATENEA AVENTURA SL offre la possibilit\u00e9 de r\u00e9server diff\u00e9rentes chambres et services via le moteur de r\u00e9servation. Au cours du processus de r\u00e9servation, vous pourrez voir les conditions sp\u00e9cifiques d&#8217;annulation des r\u00e9servations, du service ou du forfait avant de confirmer la r\u00e9servation.  <\/p>\n\n<p>Retrait  <\/p>\n\n<p>Comme \u00e9tabli \u00e0 l&#8217;article 103 de la loi 3\/2014 du 27 mars, qui modifie le texte consolid\u00e9 de la loi g\u00e9n\u00e9rale pour la d\u00e9fense des consommateurs et des utilisateurs, la fourniture de services ou de biens fabriqu\u00e9s conform\u00e9ment aux sp\u00e9cifications du consommateur ou clairement personnalis\u00e9s, ou qui, de par leur nature, ne peuvent \u00eatre retourn\u00e9s ou peuvent se d\u00e9t\u00e9riorer ou expirer rapidement, sont exempt\u00e9s de r\u00e9tractation.<\/p>\n\n<p><strong>PROTECTION DES DONN\u00c9ES  <\/strong><\/p>\n\n<p>Conform\u00e9ment \u00e0 la r\u00e9glementation en vigueur sur la protection des donn\u00e9es personnelles, nous vous informons que vos donn\u00e9es seront incorpor\u00e9es dans le syst\u00e8me de traitement appartenant \u00e0 ATENEA AVENTURA SL avec CIF B62650346 et si\u00e8ge social \u00e0 JOAQUIM MOLINS 5 7 6 08028, BARCELONE, avec le afin de pouvoir faciliter, acc\u00e9l\u00e9rer et remplir les engagements \u00e9tablis entre les deux parties. Conform\u00e9ment \u00e0 la r\u00e9glementation en vigueur, ATENEA AVENTURA SL informe que les donn\u00e9es seront conserv\u00e9es pendant la p\u00e9riode strictement n\u00e9cessaire pour se conformer aux pr\u00e9ceptes susmentionn\u00e9s.  <\/p>\n\n<p>ATENEA AVENTURA SL informe qu&#8217;elle traitera les donn\u00e9es de mani\u00e8re licite, loyale, transparente, ad\u00e9quate, pertinente, limit\u00e9e, exacte et \u00e0 jour. C&#8217;est pourquoi ATENEA AVENTURA SL s&#8217;engage \u00e0 adopter toutes les mesures raisonnables pour que celles-ci soient supprim\u00e9es ou rectifi\u00e9es sans d\u00e9lai lorsqu&#8217;elles sont inexactes.<\/p>\n\n<p>Conform\u00e9ment aux droits conf\u00e9r\u00e9s par la r\u00e9glementation en vigueur sur la protection des donn\u00e9es, vous pouvez exercer les droits d&#8217;acc\u00e8s, de rectification, de limitation de traitement, de suppression, de portabilit\u00e9 et d&#8217;opposition au traitement de vos donn\u00e9es personnelles ainsi que le consentement donn\u00e9 pour le traitement des idem, en adressant votre demande \u00e0 l&#8217;adresse postale indiqu\u00e9e ci-dessus ou \u00e0 l&#8217;adresse e-mail protecciondedatos@atenealiving.com  <\/p>\n\n<p>Vous pouvez vous adresser \u00e0 l&#8217;autorit\u00e9 de contr\u00f4le comp\u00e9tente pour pr\u00e9senter la r\u00e9clamation que vous jugez appropri\u00e9e.  <\/p>\n\n<p><strong>L\u00c9GISLATION APPLICABLE ET JURIDICTION  <\/strong><\/p>\n\n<p>De m\u00eame, ATENEA AVENTURA SL se r\u00e9serve le droit d&#8217;engager des poursuites civiles ou p\u00e9nales qu&#8217;elle juge appropri\u00e9es pour une utilisation abusive de son site Web et de son contenu ou pour violation de ces conditions.  <\/p>\n\n<p>La relation entre l&#8217;utilisateur et le fournisseur sera r\u00e9gie par la r\u00e9glementation en vigueur et applicable sur le territoire espagnol. En cas de contestation, les parties peuvent soumettre leurs conflits \u00e0 l&#8217;arbitrage ou saisir la juridiction de droit commun dans le respect des r\u00e8gles de juridiction et de comp\u00e9tence en la mati\u00e8re. ATENEA AVENTURA SL a son si\u00e8ge \u00e0 BARCELONE, Espagne.<\/p>\n","protected":false},"excerpt":{"rendered":"<p>Les pr\u00e9sentes Conditions G\u00e9n\u00e9rales de R\u00e9servation (ci-apr\u00e8s Conditions G\u00e9n\u00e9rales) r\u00e9giront la relation commerciale qui na\u00eet entre ATENEA AVENTURA SL et l&#8217;utilisateur ou le client pour le contrat conclu par le biais des formulaires mis \u00e0 disposition par ATENEA AVENTURA SL sur https:\/\/www.atenealiving.com. La r\u00e9servation via les sites Web d&#8217;ATENEA AVENTURA SL impliquera l&#8217;acceptation expresse, par [&hellip;]<\/p>\n","protected":false},"author":12,"featured_media":0,"parent":0,"menu_order":0,"comment_status":"closed","ping_status":"closed","template":"","meta":{"footnotes":""},"class_list":["post-3394","page","type-page","status-publish","hentry"],"blocksy_meta":[],"_links":{"self":[{"href":"https:\/\/atenealiving.com\/fr\/wp-json\/wp\/v2\/pages\/3394","targetHints":{"allow":["GET"]}}],"collection":[{"href":"https:\/\/atenealiving.com\/fr\/wp-json\/wp\/v2\/pages"}],"about":[{"href":"https:\/\/atenealiving.com\/fr\/wp-json\/wp\/v2\/types\/page"}],"author":[{"embeddable":true,"href":"https:\/\/atenealiving.com\/fr\/wp-json\/wp\/v2\/users\/12"}],"replies":[{"embeddable":true,"href":"https:\/\/atenealiving.com\/fr\/wp-json\/wp\/v2\/comments?post=3394"}],"version-history":[{"count":1,"href":"https:\/\/atenealiving.com\/fr\/wp-json\/wp\/v2\/pages\/3394\/revisions"}],"predecessor-version":[{"id":3395,"href":"https:\/\/atenealiving.com\/fr\/wp-json\/wp\/v2\/pages\/3394\/revisions\/3395"}],"wp:attachment":[{"href":"https:\/\/atenealiving.com\/fr\/wp-json\/wp\/v2\/media?parent=3394"}],"curies":[{"name":"wp","href":"https:\/\/api.w.org\/{rel}","templated":true}]}}