{"id":1505,"date":"2023-07-04T18:51:52","date_gmt":"2023-07-04T16:51:52","guid":{"rendered":"https:\/\/atenealiving.com\/?page_id=1505"},"modified":"2023-07-04T18:51:53","modified_gmt":"2023-07-04T16:51:53","slug":"condiciones-generales-de-reserva","status":"publish","type":"page","link":"https:\/\/atenealiving.com\/ca\/condiciones-generales-de-reserva\/","title":{"rendered":"CONDICIONES GENERALES DE RESERVA"},"content":{"rendered":"\n<p>Las presentes Condiciones Generales de Reserva (en adelante Condiciones Generales) regular\u00e1n la relaci\u00f3n comercial que surja entre ATENEA AVENTURA SL y el usuario o cliente por la contrataci\u00f3n realizada a trav\u00e9s de los formularios que ATENEA AVENTURA SL pone a su disposici\u00f3n en su https:\/\/www.atenealiving.com.&nbsp;<\/p>\n\n\n\n<p>La reserva a trav\u00e9s de los sitios web de ATENEA AVENTURA SL supondr\u00e1 la aceptaci\u00f3n expresa, por el cliente o usuario de las p\u00e1ginas, de estas condiciones, como tambi\u00e9n de las condiciones de uso establecidas para la navegaci\u00f3n del usuario por las p\u00e1ginas propiedad de ATENEA AVENTURA SL.&nbsp;<\/p>\n\n\n\n<p>Estas condiciones ser\u00e1n de aplicaci\u00f3n sin perjuicio de la aplicaci\u00f3n de las normas legales sobre la materia que sean de aplicaci\u00f3n para cada caso.&nbsp;<\/p>\n\n\n\n<p>Las condiciones Generales de Contrataci\u00f3n regulan la relaci\u00f3n de venta a distancia entre ATENEA AVENTURA SL y el usuario o cliente, de acuerdo con las estipulaciones legales, en especial, la Ley 7\/1998, de 13 de abril, sobre Condiciones Generales de Contrataci\u00f3n, la Ley 3\/2014, de 27 de marzo por la que se modifica el texto refundido de la Ley General para la Defensa de los consumidores y Usuarios, La normativa vigente y aplicable en materia de Protecci\u00f3n de Datos de Car\u00e1cter Personal, la Ley 7\/1996, de 15 de enero de Ordenaci\u00f3n del Comercio Minorista, y a la Ley 34\/2002 de 11 de julio, de Servicios de la Sociedad de la Informaci\u00f3n y de Comercio Electr\u00f3nico.<\/p>\n\n\n\n<p>ATENEA AVENTURA SL se reserva el derecho a realizar las modificaciones que considere oportunas, sin aviso previo, en las Condiciones Generales. Dichas modificaciones podr\u00e1n realizarse, a trav\u00e9s de sus websites, por cualquier forma admisible en derecho y ser\u00e1n de obligado cumplimiento durante el tiempo en que se encuentren publicadas en la web y hasta que no sean modificadas v\u00e1lidamente por otras posteriores. No obstante, ATENEA AVENTURA SL se reserva el derecho de aplicar, en determinados casos, unas Condiciones Particulares de Contrataci\u00f3n con preferencia a las presentes Condiciones Generales cuando lo considerara oportuno, anunci\u00e1ndolas en tiempo y forma oportunos.<\/p>\n\n\n\n<p>Informaci\u00f3n previa a la reserva&nbsp;<\/p>\n\n\n\n<p>ATENEA AVENTURA SL informa que el procedimiento de reserva a trav\u00e9s de sus p\u00e1ginas web viene detallado en el apartado correspondiente para la formalizaci\u00f3n de la reserva.<\/p>\n\n\n\n<p>Asimismo, ATENEA AVENTURA SL informa que el usuario puede tener acceso a las condiciones de uso que dispone en la misma web.&nbsp;<\/p>\n\n\n\n<p>Por la reserva con ATENEA AVENTURA SL a trav\u00e9s de su website, el usuario o cliente declara expresamente conocer, entender y aceptar dichas condiciones de uso y las Condiciones Generales. Del mismo modo el usuario declara ser mayor de edad y tener la capacidad jur\u00eddica y de obrar necesaria para el acceso a los sitios web de ATENEA AVENTURA SL y la contrataci\u00f3n por medio de los mismos. El usuario se hace responsable de tratar confidencial y responsablemente la identidad y contrase\u00f1a obtenidas en el registro como cliente, no pudiendo cederlas a otro.<\/p>\n\n\n\n<p>Una vez efectuada la reserva el usuario visualizar\u00e1 la confirmaci\u00f3n de su reserva en pantalla, pudiendo imprimir \u00e9sta como comprobante de la reserva efectuada.&nbsp;<\/p>\n\n\n\n<p>La confirmaci\u00f3n de reserva y el comprobante de la reserva (impresi\u00f3n que hace el usuario) no tendr\u00e1n validez como factura.&nbsp;<\/p>\n\n\n\n<p><strong>FUNCIONAMIENTO DE LA RESERVA&nbsp;<\/strong><\/p>\n\n\n\n<p>Oferta de reservas y referencia de precios.&nbsp;<\/p>\n\n\n\n<p>En cumplimiento de la normativa vigente y, en especial de la Ley 34\/2002 de servicios de la sociedad de la informaci\u00f3n y del comercio electr\u00f3nico, ATENEA AVENTURA SL ofrece en el apartado correspondiente para la formalizaci\u00f3n de la reserva informaci\u00f3n sobre todas las posibles reservas, sus caracter\u00edsticas y precios. No obstante, ATENEA AVENTURA SL se reserva el derecho a retirar, reponer o cambiar las ofertas que se ofrecen a sus clientes a trav\u00e9s de su p\u00e1gina web, mediante el simple cambio en el contenido de las mismas. De esta forma, los productos y\/o servicios ofrecidos en cada momento por la website de ATENEA AVENTURA SL se regir\u00e1n por las Condiciones Generales vigentes en cada caso. Asimismo, la empresa tendr\u00e1 la facultad de dejar de ofrecer, sin previo aviso y en cualquier momento, el acceso a los productos y\/o servicios mencionados.<\/p>\n\n\n\n<p>Indicaci\u00f3n de los precios.&nbsp;<\/p>\n\n\n\n<p>Cada posible reserva ofrecida tendr\u00e1 indicado su precio y si tiene incorporado el IVA o cualquier otro impuesto que, en su caso, sea de aplicaci\u00f3n. Los precios indicados en pantalla ser\u00e1n los vigentes en cada momento salvo error tipogr\u00e1fico. Cuando el precio sea diferente por el motivo anteriormente expuesto, ATENEA AVENTURA SL lo comunicar\u00e1 al cliente, v\u00eda e-mail, antes de proceder el cobro de la reserva.<\/p>\n\n\n\n<p>Disponibilidad.&nbsp;<\/p>\n\n\n\n<p>La disponibilidad de las ofertas ofrecidas por ATENEA AVENTURA SL a trav\u00e9s de su p\u00e1gina web puede variar en funci\u00f3n de la demanda de los clientes. Pese a que ATENEA AVENTURA SL actualiza la base de datos peri\u00f3dicamente, la reserva solicitada por el cliente podr\u00eda estar completa en ese momento. En tal caso, ATENEA AVENTURA SL remitir\u00e1 un e-mail al cliente inform\u00e1ndole de la imposibilidad de la disponibilidad de la oferta.<\/p>\n\n\n\n<p>Formas de pago.&nbsp;<\/p>\n\n\n\n<p>ATENEA AVENTURA SL solicita a trav\u00e9s del motor de reservas de su p\u00e1gina web los datos de una tarjeta de cr\u00e9dito o cuenta bancaria, titular de reserva, para garantizar la efectividad de la misma. En ning\u00fan caso ATENEA AVENTURA SL guarda los datos de las tarjetas de cr\u00e9dito.&nbsp;<\/p>\n\n\n\n<p>Cancelaci\u00f3n de la reserva.&nbsp;<\/p>\n\n\n\n<p>ATENEA AVENTURA SL ofrece la posibilidad de reservar diferentes habitaciones y servicios a trav\u00e9s del motor de reservas. Durante el proceso de reserva usted podr\u00e1 ver las condiciones espec\u00edficas de cancelaci\u00f3n de reservas, servicio o paquete antes de confirmar la reserva.&nbsp;<\/p>\n\n\n\n<p>Desistimiento.&nbsp;<\/p>\n\n\n\n<p>Seg\u00fan lo establecido el art\u00edculo 103 de la Ley 3\/2014, de 27 de marzo por la que se modifica el texto refundido de la Ley General para la Defensa de los consumidores y Usuarios, los suministros de servicios o bienes confeccionado conforme a las especificaciones del consumidor o claramente personalizados, o que, por su naturaleza, no puedan ser devueltos o puedan deteriorarse o caducar con rapidez, est\u00e1n exentos de desistimiento.<\/p>\n\n\n\n<p><strong>PROTECCI\u00d3N DE DATOS&nbsp;<\/strong><\/p>\n\n\n\n<p>De conformidad con lo establecido en la normativa vigente en Protecci\u00f3n de Datos de Car\u00e1cter Personal, le informamos que sus datos ser\u00e1n incorporados al sistema de tratamiento titularidad de ATENEA AVENTURA SL con CIF B62650346 y domicilio social sito en JOAQUIM MOLINS 5 7 6 08028, BARCELONA, con la finalidad de poder facilitar, agilizar y cumplir los compromisos establecidos entre ambas partes. En cumplimiento con la normativa vigente, ATENEA AVENTURA SL informa que los datos ser\u00e1n conservados durante el plazo estrictamente necesario para cumplir con los preceptos mencionados con anterioridad.&nbsp;<\/p>\n\n\n\n<p>ATENEA AVENTURA SL informa que proceder\u00e1 a tratar los datos de manera l\u00edcita, leal, transparente, adecuada, pertinente, limitada, exacta y actualizada. Es por ello que ATENEA AVENTURA SL se compromete a adoptar todas las medidas razonables para que estos se supriman o rectifiquen sin dilaci\u00f3n cuando sean inexactos.<\/p>\n\n\n\n<p>De acuerdo con los derechos que le confiere el la normativa vigente en protecci\u00f3n de datos podr\u00e1 ejercer los derechos de acceso, rectificaci\u00f3n, limitaci\u00f3n de tratamiento, supresi\u00f3n, portabilidad y oposici\u00f3n al tratamiento de sus datos de car\u00e1cter personal as\u00ed como del consentimiento prestado para el tratamiento de los mismos, dirigiendo su petici\u00f3n a la direcci\u00f3n postal indicada m\u00e1s arriba o al correo electr\u00f3nico protecciondedatos@atenealiving.com&nbsp;<\/p>\n\n\n\n<p>Podr\u00e1 dirigirse a la Autoridad de Control competente para presentar la reclamaci\u00f3n que considere oportuna.&nbsp;<\/p>\n\n\n\n<p><strong>LEGISLACI\u00d3N Y JURISDICCI\u00d3N APLICABLE&nbsp;<\/strong><\/p>\n\n\n\n<p>Asimismo, ATENEA AVENTURA SL se reserva la facultad de presentar las acciones civiles o penales que considere oportunas por la utilizaci\u00f3n indebida de su sitio web y contenidos o por el incumplimiento de las presentes condiciones.&nbsp;<\/p>\n\n\n\n<p>La relaci\u00f3n entre el usuario y el prestador se regir\u00e1 por la normativa vigente y de aplicaci\u00f3n en el territorio espa\u00f1ol. De surgir cualquier controversia las partes podr\u00e1n someter sus conflictos a arbitraje o acudir a la jurisdicci\u00f3n ordinaria cumpliendo con las normas sobre jurisdicci\u00f3n y competencia al respecto. ATENEA AVENTURA SL tiene su domicilio en BARCELONA, Espa\u00f1a.<\/p>\n","protected":false},"excerpt":{"rendered":"<p>Las presentes Condiciones Generales de Reserva (en adelante Condiciones Generales) regular\u00e1n la relaci\u00f3n comercial que surja entre ATENEA AVENTURA SL y el usuario o cliente por la contrataci\u00f3n realizada a trav\u00e9s de los formularios que ATENEA AVENTURA SL pone a su disposici\u00f3n en su https:\/\/www.atenealiving.com.&nbsp; La reserva a trav\u00e9s de los sitios web de ATENEA [&hellip;]<\/p>\n","protected":false},"author":12,"featured_media":0,"parent":0,"menu_order":0,"comment_status":"closed","ping_status":"closed","template":"","meta":{"footnotes":""},"class_list":["post-1505","page","type-page","status-publish","hentry"],"blocksy_meta":[],"_links":{"self":[{"href":"https:\/\/atenealiving.com\/ca\/wp-json\/wp\/v2\/pages\/1505","targetHints":{"allow":["GET"]}}],"collection":[{"href":"https:\/\/atenealiving.com\/ca\/wp-json\/wp\/v2\/pages"}],"about":[{"href":"https:\/\/atenealiving.com\/ca\/wp-json\/wp\/v2\/types\/page"}],"author":[{"embeddable":true,"href":"https:\/\/atenealiving.com\/ca\/wp-json\/wp\/v2\/users\/12"}],"replies":[{"embeddable":true,"href":"https:\/\/atenealiving.com\/ca\/wp-json\/wp\/v2\/comments?post=1505"}],"version-history":[{"count":1,"href":"https:\/\/atenealiving.com\/ca\/wp-json\/wp\/v2\/pages\/1505\/revisions"}],"predecessor-version":[{"id":1506,"href":"https:\/\/atenealiving.com\/ca\/wp-json\/wp\/v2\/pages\/1505\/revisions\/1506"}],"wp:attachment":[{"href":"https:\/\/atenealiving.com\/ca\/wp-json\/wp\/v2\/media?parent=1505"}],"curies":[{"name":"wp","href":"https:\/\/api.w.org\/{rel}","templated":true}]}}